{"id":734,"date":"2025-05-28T21:18:55","date_gmt":"2025-05-28T21:18:55","guid":{"rendered":"http:\/\/3.90.214.11\/?post_type=product&#038;p=734"},"modified":"2025-05-28T21:18:55","modified_gmt":"2025-05-28T21:18:55","slug":"advanced-night-repair","status":"publish","type":"product","link":"https:\/\/tanfashion.com\/es\/producto\/advanced-night-repair\/","title":{"rendered":"Reparaci\u00f3n nocturna avanzada"},"content":{"rendered":"<p>Restauraci\u00f3n nocturna profunda. Luminosidad matinal sin filtros.<\/p>\n<p>Penetrando en la piel r\u00e1pida y profundamente, este s\u00e9rum facial, con nuestro exclusivo Tripeptide-32\u2122 patentado 1 en 60 millones, aprovecha 40 a\u00f1os de investigaci\u00f3n cient\u00edfica pionera durante la noche.<\/p>\n<p>La piel parece m\u00e1s lisa, joven y sana, m\u00e1s luminosa y uniforme.<\/p>\n<p>EN UNA SOLA NOCHE-RESULTADOS A LA MA\u00d1ANA SIGUIENTE.<\/p>\n<p>+128% hidrataci\u00f3n. (1)<br \/>\n-14% de l\u00edneas de expresi\u00f3n. (2)<br \/>\n+10% de elasticidad. (2)<br \/>\n8 de cada 10 mujeres mejoraron la luminosidad de su piel al despertarse. (3)<br \/>\nRESULTADOS PROBADOS: REDUCE VISIBLEMENTE M\u00daLTIPLES SIGNOS DE ENVEJECIMIENTO<\/p>\n<p>El 91% afirm\u00f3 que su piel parec\u00eda m\u00e1s descansada. (4)<br \/>\nEl 89% afirm\u00f3 sentir la piel m\u00e1s firme. (5)<br \/>\n+22% de reparaci\u00f3n de la barrera cut\u00e1nea en tan s\u00f3lo 2 horas. (6)<\/p>","protected":false},"excerpt":{"rendered":"<p>Restauraci\u00f3n nocturna profunda. Luminosidad matutina sin filtros. Penetrando en la piel r\u00e1pida y profundamente, este s\u00e9rum facial, con nuestro exclusivo Tripeptide-32\u2122 patentado 1 en 60 millones, aprovecha 40 a\u00f1os de investigaci\u00f3n cient\u00edfica pionera durante la noche. La piel luce m\u00e1s tersa, joven y sana, m\u00e1s luminosa y uniforme. EN S\u00d3LO UNA NOCHE-RESULTADOS A LA MA\u00d1ANA SIGUIENTE. +128% de hidrataci\u00f3n. (1) -14% de l\u00edneas de expresi\u00f3n. (2) +10% de elasticidad. [...]<\/p>","protected":false},"featured_media":735,"comment_status":"open","ping_status":"closed","template":"","meta":{"advanced_seo_description":"","jetpack_seo_html_title":"","jetpack_seo_noindex":false},"product_brand":[],"product_cat":[23],"product_tag":[],"class_list":{"0":"post-734","1":"product","2":"type-product","3":"status-publish","4":"has-post-thumbnail","6":"product_cat-skin-care","8":"first","9":"instock","10":"taxable","11":"shipping-taxable","12":"purchasable","13":"product-type-simple"},"jetpack_sharing_enabled":true,"_links":{"self":[{"href":"https:\/\/tanfashion.com\/es\/wp-json\/wp\/v2\/product\/734","targetHints":{"allow":["GET"]}}],"collection":[{"href":"https:\/\/tanfashion.com\/es\/wp-json\/wp\/v2\/product"}],"about":[{"href":"https:\/\/tanfashion.com\/es\/wp-json\/wp\/v2\/types\/product"}],"replies":[{"embeddable":true,"href":"https:\/\/tanfashion.com\/es\/wp-json\/wp\/v2\/comments?post=734"}],"wp:featuredmedia":[{"embeddable":true,"href":"https:\/\/tanfashion.com\/es\/wp-json\/wp\/v2\/media\/735"}],"wp:attachment":[{"href":"https:\/\/tanfashion.com\/es\/wp-json\/wp\/v2\/media?parent=734"}],"wp:term":[{"taxonomy":"product_brand","embeddable":true,"href":"https:\/\/tanfashion.com\/es\/wp-json\/wp\/v2\/product_brand?post=734"},{"taxonomy":"product_cat","embeddable":true,"href":"https:\/\/tanfashion.com\/es\/wp-json\/wp\/v2\/product_cat?post=734"},{"taxonomy":"product_tag","embeddable":true,"href":"https:\/\/tanfashion.com\/es\/wp-json\/wp\/v2\/product_tag?post=734"}],"curies":[{"name":"wp","href":"https:\/\/api.w.org\/{rel}","templated":true}]}}