{"id":448,"date":"2025-05-27T20:47:08","date_gmt":"2025-05-27T20:47:08","guid":{"rendered":"http:\/\/3.90.214.11\/product\/leather-clad-leisure-chair\/"},"modified":"2025-05-28T16:45:44","modified_gmt":"2025-05-28T16:45:44","slug":"leather-clad-leisure-chair","status":"publish","type":"product","link":"https:\/\/tanfashion.com\/es\/producto\/leather-clad-leisure-chair\/","title":{"rendered":"Leather-Clad Leisure Chair"},"content":{"rendered":"<div class=\"markdown\" data-phx-id=\"m46-phx-GEO9wbeleHcjQ0RB\">\n<p>El poder de la capacidad de autocuraci\u00f3n. De Perfectionist Pro y tu piel.<\/p>\n<p>La \u00faltima generaci\u00f3n de serum proporciona un efecto lifting, reafirmante y alisador de l\u00edneas para alcanzar la belleza.<\/p>\n<p>La piel aparece m\u00e1s lisa en 5 zonas clave (1):<\/p>\n<p>Frente +17%.<br \/>\nFol\u00edculos nasales +24%.<br \/>\nMejillas +18%.<br \/>\nMand\u00edbula +12% Cuello +19<br \/>\nCuello +19%<\/p>\n<p>Ayuda a reforzar la red de sost\u00e9n de la piel para conseguir un aspecto m\u00e1s firme, terso y esculpido. Mejora la elasticidad y la flexibilidad. La piel parece m\u00e1s densa y rellena. Las l\u00edneas y arrugas se reducen.<\/p>\n<p><strong>EFECTO REAFIRMANTE + LIFTING R\u00c1PIDO<\/strong><\/p>\n<p>With a single application, 100% of participants experienced +28% more elastic skin (2).<br \/>\nIn just 3 days, 84% of women said their skin felt firmer overall. (3)<br \/>\nIn just 4 weeks, 83% of women said their neck area felt firmer. (4)<\/p>\n<p><strong>RAPID REDUCTION IN THE APPEARANCE OF LINES<\/strong><\/p>\n<p>In as little as 3 days, fine lines begin to reduce. (5)<br \/>\nIn as little as 1 week, frown lines and forehead wrinkles appear reduced. (6)<br \/>\nIn 2 weeks, expression lines on the neck look more reduced. (7)<\/p>\n<p>FSC-certified recyclable cardboard box.<\/p>\n<p><strong>DOUBLE COMPOUND POWER: HEXAPEPTIDES 8 + 9<\/strong><\/p>\n<p>Designed with our Double Hexapeptide+ Compound, the Firming + Lifting Serum includes Hexapeptides 8 + 9. They help skin quickly restore its own youthful network to visibly firm and lift.<\/p>\n<p>And to help defend skin&#8217;s youthful appearance, the serum provides antioxidant protection in as little as 1 hour. (8)<\/p>\n<p>Dermatologically inspired. Clinically tested.<\/p>\n<ul>\n<li>Clinical trials conducted on 32 women after using the product for 12 weeks.<\/li>\n<li>Clinical trials conducted on 31 women 4 hours after a single application of the product.<\/li>\n<li>Tests conducted on 164 women after using the product for 3 days.<\/li>\n<li>\u00a0Consumer trials conducted on 155 women after using the product for 4 weeks.<\/li>\n<li>Clinical trials conducted on 29 women after using the product for 3 days.<\/li>\n<li>Clinical trials conducted on 29 women after using the product for 1 week.<\/li>\n<li>Clinical trials conducted in 32 women after using the product for 2 weeks.<\/li>\n<li>Clinical trials conducted on 15 women after a single application of the product.<\/li>\n<\/ul>\n<p>Ideal for<br \/>\nFirming, lifting effect<br \/>\nExpression lines and wrinkles<br \/>\nInstant radiance<br \/>\nUneven texture<br \/>\nElasticity<br \/>\nFormula<br \/>\nDermatologist tested<br \/>\nDoes not cause rashes, does not clog pores (non-acnegenic)<\/p>\n<\/div>","protected":false},"excerpt":{"rendered":"<p>The power of self-healing ability. From Perfectionist Pro and your skin. This next-generation serum provides a lifting, firming and line-smoothing effect to reach new heights of beauty. Skin appears smoother in 5 key areas (1): Upper face +17%. Nasolabial folds +24%. Cheeks +18%. Jawline +12% Neck +19 Neck +19% Neckline +19% Neckline +19% Neckline +19% [&hellip;]<\/p>","protected":false},"featured_media":605,"comment_status":"open","ping_status":"closed","template":"","meta":{"advanced_seo_description":"","jetpack_seo_html_title":"","jetpack_seo_noindex":false},"product_brand":[],"product_cat":[23],"product_tag":[],"class_list":{"0":"post-448","1":"product","2":"type-product","3":"status-publish","4":"has-post-thumbnail","6":"product_cat-skin-care","8":"first","9":"instock","10":"taxable","11":"shipping-taxable","12":"purchasable","13":"product-type-simple"},"jetpack_sharing_enabled":true,"_links":{"self":[{"href":"https:\/\/tanfashion.com\/es\/wp-json\/wp\/v2\/product\/448","targetHints":{"allow":["GET"]}}],"collection":[{"href":"https:\/\/tanfashion.com\/es\/wp-json\/wp\/v2\/product"}],"about":[{"href":"https:\/\/tanfashion.com\/es\/wp-json\/wp\/v2\/types\/product"}],"replies":[{"embeddable":true,"href":"https:\/\/tanfashion.com\/es\/wp-json\/wp\/v2\/comments?post=448"}],"wp:featuredmedia":[{"embeddable":true,"href":"https:\/\/tanfashion.com\/es\/wp-json\/wp\/v2\/media\/605"}],"wp:attachment":[{"href":"https:\/\/tanfashion.com\/es\/wp-json\/wp\/v2\/media?parent=448"}],"wp:term":[{"taxonomy":"product_brand","embeddable":true,"href":"https:\/\/tanfashion.com\/es\/wp-json\/wp\/v2\/product_brand?post=448"},{"taxonomy":"product_cat","embeddable":true,"href":"https:\/\/tanfashion.com\/es\/wp-json\/wp\/v2\/product_cat?post=448"},{"taxonomy":"product_tag","embeddable":true,"href":"https:\/\/tanfashion.com\/es\/wp-json\/wp\/v2\/product_tag?post=448"}],"curies":[{"name":"wp","href":"https:\/\/api.w.org\/{rel}","templated":true}]}}