{"id":317,"date":"2025-05-27T18:50:15","date_gmt":"2025-05-27T18:50:15","guid":{"rendered":"http:\/\/3.90.214.11\/?page_id=317"},"modified":"2026-01-16T22:27:46","modified_gmt":"2026-01-16T22:27:46","slug":"equipment","status":"publish","type":"page","link":"https:\/\/tanfashion.com\/es\/equipment\/","title":{"rendered":"Equipo"},"content":{"rendered":"<div data-elementor-type=\"wp-page\" data-elementor-id=\"317\" class=\"elementor elementor-317\">\n\t\t\t\t<div class=\"elementor-element elementor-element-936f6ae e-flex e-con-boxed e-con e-parent\" data-id=\"936f6ae\" data-element_type=\"container\">\n\t\t\t\t\t<div class=\"e-con-inner\">\n\t\t\t\t<div class=\"elementor-element elementor-element-b226f48 elementor-widget elementor-widget-heading\" data-id=\"b226f48\" data-element_type=\"widget\" data-widget_type=\"heading.default\">\n\t\t\t\t<div class=\"elementor-widget-container\">\n\t\t\t\t\t<h3 class=\"elementor-heading-title elementor-size-default\">Su experiencia, nuestra tecnolog\u00eda<\/h3>\t\t\t\t<\/div>\n\t\t\t\t<\/div>\n\t\t\t\t\t<\/div>\n\t\t\t\t<\/div>\n\t\t<div class=\"elementor-element elementor-element-038d57a e-flex e-con-boxed e-con e-parent\" data-id=\"038d57a\" data-element_type=\"container\">\n\t\t\t\t\t<div class=\"e-con-inner\">\n\t\t\t\t<div class=\"elementor-element elementor-element-159ffe0 elementor-widget-divider--view-line elementor-widget elementor-widget-divider\" data-id=\"159ffe0\" data-element_type=\"widget\" data-widget_type=\"divider.default\">\n\t\t\t\t<div class=\"elementor-widget-container\">\n\t\t\t\t\t\t\t<div class=\"elementor-divider\">\n\t\t\t<span class=\"elementor-divider-separator\">\n\t\t\t\t\t\t<\/span>\n\t\t<\/div>\n\t\t\t\t\t\t<\/div>\n\t\t\t\t<\/div>\n\t\t\t\t<div class=\"elementor-element elementor-element-c5f2001 elementor-widget elementor-widget-image-carousel\" data-id=\"c5f2001\" data-element_type=\"widget\" data-settings=\"{&quot;slides_to_show&quot;:&quot;1&quot;,&quot;navigation&quot;:&quot;none&quot;,&quot;autoplay&quot;:&quot;yes&quot;,&quot;pause_on_hover&quot;:&quot;yes&quot;,&quot;pause_on_interaction&quot;:&quot;yes&quot;,&quot;autoplay_speed&quot;:5000,&quot;infinite&quot;:&quot;yes&quot;,&quot;effect&quot;:&quot;slide&quot;,&quot;speed&quot;:500}\" data-widget_type=\"image-carousel.default\">\n\t\t\t\t<div class=\"elementor-widget-container\">\n\t\t\t\t\t\t\t<div class=\"elementor-image-carousel-wrapper swiper\" role=\"region\" aria-roledescription=\"carousel\" aria-label=\"Image Carousel\" dir=\"ltr\">\n\t\t\t<div class=\"elementor-image-carousel swiper-wrapper\" aria-live=\"off\">\n\t\t\t\t\t\t\t\t<div class=\"swiper-slide\" role=\"group\" aria-roledescription=\"slide\" aria-label=\"1 de 2\"><figure class=\"swiper-slide-inner\"><img decoding=\"async\" class=\"swiper-slide-image\" src=\"https:\/\/www.tanfashion.com\/wp-content\/uploads\/2025\/05\/kbl-hybridsun-tower-1-2.jpg\" alt=\"hybridsun-tower\" \/><\/figure><\/div><div class=\"swiper-slide\" role=\"group\" aria-roledescription=\"slide\" aria-label=\"2 de 2\"><figure class=\"swiper-slide-inner\"><img decoding=\"async\" class=\"swiper-slide-image\" src=\"https:\/\/www.tanfashion.com\/wp-content\/uploads\/2025\/05\/hybridsun_1.png\" alt=\"hybridsun_1\" \/><\/figure><\/div>\t\t\t<\/div>\n\t\t\t\t\t\t\t\n\t\t\t\t\t\t\t\t\t<\/div>\n\t\t\t\t\t\t<\/div>\n\t\t\t\t<\/div>\n\t\t\t\t\t<\/div>\n\t\t\t\t<\/div>\n\t\t\t\t<section class=\"elementor-section elementor-top-section elementor-element elementor-element-2e7350ae elementor-section-boxed elementor-section-height-default elementor-section-height-default\" data-id=\"2e7350ae\" data-element_type=\"section\">\n\t\t\t\t\t\t<div class=\"elementor-container elementor-column-gap-default\">\n\t\t\t\t\t<div class=\"elementor-column elementor-col-100 elementor-top-column elementor-element elementor-element-1153966\" data-id=\"1153966\" data-element_type=\"column\">\n\t\t\t<div class=\"elementor-widget-wrap elementor-element-populated\">\n\t\t\t\t\t\t<section class=\"elementor-section elementor-inner-section elementor-element elementor-element-382c0955 elementor-section-boxed elementor-section-height-default elementor-section-height-default\" data-id=\"382c0955\" data-element_type=\"section\">\n\t\t\t\t\t\t<div class=\"elementor-container elementor-column-gap-default\">\n\t\t\t\t\t<div class=\"elementor-column elementor-col-33 elementor-inner-column elementor-element elementor-element-61f0a678\" data-id=\"61f0a678\" data-element_type=\"column\">\n\t\t\t<div class=\"elementor-widget-wrap elementor-element-populated\">\n\t\t\t\t\t\t<div class=\"elementor-element elementor-element-827239f elementor-view-default elementor-position-top elementor-mobile-position-top elementor-widget elementor-widget-icon-box\" data-id=\"827239f\" data-element_type=\"widget\" data-widget_type=\"icon-box.default\">\n\t\t\t\t<div class=\"elementor-widget-container\">\n\t\t\t\t\t\t\t<div class=\"elementor-icon-box-wrapper\">\n\n\t\t\t\t\t\t<div class=\"elementor-icon-box-icon\">\n\t\t\t\t<span  class=\"elementor-icon\">\n\t\t\t\t<svg aria-hidden=\"true\" class=\"e-font-icon-svg e-fas-bolt\" viewbox=\"0 0 320 512\" xmlns=\"http:\/\/www.w3.org\/2000\/svg\"><path d=\"M296 160H180.6l42.6-129.8C227.2 15 215.7 0 200 0H56C44 0 33.8 8.9 32.2 20.8l-32 240C-1.7 275.2 9.5 288 24 288h118.7L96.6 482.5c-3.6 15.2 8 29.5 23.3 29.5 8.4 0 16.4-4.4 20.8-12l176-304c9.3-15.9-2.2-36-20.7-36z\"><\/path><\/svg>\t\t\t\t<\/span>\n\t\t\t<\/div>\n\t\t\t\n\t\t\t\t\t\t<div class=\"elementor-icon-box-content\">\n\n\t\t\t\t\t\t\t\t\t<h3 class=\"elementor-icon-box-title\">\n\t\t\t\t\t\t<span  >\n\t\t\t\t\t\t\t<strong style=\"color: rgb(0, 0, 0); font-family: marcellus, sans-serif; font-size: 20px; text-align: left; white-space-collapse: collapse;\">Luz solar inteligente<\/strong><span style=\"color: rgb(100, 116, 139); font-family: Roboto, sans-serif; font-size: 20px; font-weight: 400; text-align: left; white-space-collapse: collapse;\">&nbsp;<\/span>\t\t\t\t\t\t<\/span>\n\t\t\t\t\t<\/h3>\n\t\t\t\t\n\t\t\t\t\t\t\t\t\t<p class=\"elementor-icon-box-description\">\n\t\t\t\t\t\t<p data-start=\"296\" data-end=\"414\" style=\"color: rgb(0, 0, 0); font-family: marcellus;font-size: 18px;\">Deliver the perfect mix of UVA, UVB & Redlight spectrums of light to achieve an optimal balance between the desired tanning & skin care results<\/p>\t\t\t\t\t<\/p>\n\t\t\t\t\n\t\t\t<\/div>\n\t\t\t\n\t\t<\/div>\n\t\t\t\t\t\t<\/div>\n\t\t\t\t<\/div>\n\t\t\t\t\t<\/div>\n\t\t<\/div>\n\t\t\t\t<div class=\"elementor-column elementor-col-33 elementor-inner-column elementor-element elementor-element-6c02133f\" data-id=\"6c02133f\" data-element_type=\"column\">\n\t\t\t<div class=\"elementor-widget-wrap elementor-element-populated\">\n\t\t\t\t\t\t<div class=\"elementor-element elementor-element-13306fdb elementor-view-default elementor-position-top elementor-mobile-position-top elementor-widget elementor-widget-icon-box\" data-id=\"13306fdb\" data-element_type=\"widget\" data-widget_type=\"icon-box.default\">\n\t\t\t\t<div class=\"elementor-widget-container\">\n\t\t\t\t\t\t\t<div class=\"elementor-icon-box-wrapper\">\n\n\t\t\t\t\t\t<div class=\"elementor-icon-box-icon\">\n\t\t\t\t<span  class=\"elementor-icon\">\n\t\t\t\t<svg aria-hidden=\"true\" class=\"e-font-icon-svg e-fas-sun\" viewbox=\"0 0 512 512\" xmlns=\"http:\/\/www.w3.org\/2000\/svg\"><path d=\"M256 160c-52.9 0-96 43.1-96 96s43.1 96 96 96 96-43.1 96-96-43.1-96-96-96zm246.4 80.5l-94.7-47.3 33.5-100.4c4.5-13.6-8.4-26.5-21.9-21.9l-100.4 33.5-47.4-94.8c-6.4-12.8-24.6-12.8-31 0l-47.3 94.7L92.7 70.8c-13.6-4.5-26.5 8.4-21.9 21.9l33.5 100.4-94.7 47.4c-12.8 6.4-12.8 24.6 0 31l94.7 47.3-33.5 100.5c-4.5 13.6 8.4 26.5 21.9 21.9l100.4-33.5 47.3 94.7c6.4 12.8 24.6 12.8 31 0l47.3-94.7 100.4 33.5c13.6 4.5 26.5-8.4 21.9-21.9l-33.5-100.4 94.7-47.3c13-6.5 13-24.7.2-31.1zm-155.9 106c-49.9 49.9-131.1 49.9-181 0-49.9-49.9-49.9-131.1 0-181 49.9-49.9 131.1-49.9 181 0 49.9 49.9 49.9 131.1 0 181z\"><\/path><\/svg>\t\t\t\t<\/span>\n\t\t\t<\/div>\n\t\t\t\n\t\t\t\t\t\t<div class=\"elementor-icon-box-content\">\n\n\t\t\t\t\t\t\t\t\t<h3 class=\"elementor-icon-box-title\">\n\t\t\t\t\t\t<span  >\n\t\t\t\t\t\t\t<strong style=\"color: rgb(0, 0, 0); font-family: marcellus, sans-serif; font-size: 20px; text-align: left; white-space-collapse: collapse;\">L\u00e1mparas PureSunlight<\/strong>\t\t\t\t\t\t<\/span>\n\t\t\t\t\t<\/h3>\n\t\t\t\t\n\t\t\t\t\t\t\t\t\t<p class=\"elementor-icon-box-description\">\n\t\t\t\t\t\t<p style=\" font-family: marcellus;font-size: 18px;\"  data-start=\"296\" data-end=\"414\">Deliver the perfect mix of UVA & UVB spectrums of light for pigment production & pigment bronzing<\/p>\t\t\t\t\t<\/p>\n\t\t\t\t\n\t\t\t<\/div>\n\t\t\t\n\t\t<\/div>\n\t\t\t\t\t\t<\/div>\n\t\t\t\t<\/div>\n\t\t\t\t\t<\/div>\n\t\t<\/div>\n\t\t\t\t<div class=\"elementor-column elementor-col-33 elementor-inner-column elementor-element elementor-element-43dc6760\" data-id=\"43dc6760\" data-element_type=\"column\">\n\t\t\t<div class=\"elementor-widget-wrap elementor-element-populated\">\n\t\t\t\t\t\t<div class=\"elementor-element elementor-element-6fc1161e elementor-view-default elementor-position-top elementor-mobile-position-top elementor-widget elementor-widget-icon-box\" data-id=\"6fc1161e\" data-element_type=\"widget\" data-widget_type=\"icon-box.default\">\n\t\t\t\t<div class=\"elementor-widget-container\">\n\t\t\t\t\t\t\t<div class=\"elementor-icon-box-wrapper\">\n\n\t\t\t\t\t\t<div class=\"elementor-icon-box-icon\">\n\t\t\t\t<span  class=\"elementor-icon\">\n\t\t\t\t<svg aria-hidden=\"true\" class=\"e-font-icon-svg e-fab-superpowers\" viewbox=\"0 0 448 512\" xmlns=\"http:\/\/www.w3.org\/2000\/svg\"><path d=\"M448 32c-83.3 11-166.8 22-250 33-92 12.5-163.3 86.7-169 180-3.3 55.5 18 109.5 57.8 148.2L0 480c83.3-11 166.5-22 249.8-33 91.8-12.5 163.3-86.8 168.7-179.8 3.5-55.5-18-109.5-57.7-148.2L448 32zm-79.7 232.3c-4.2 79.5-74 139.2-152.8 134.5-79.5-4.7-140.7-71-136.3-151 4.5-79.2 74.3-139.3 153-134.5 79.3 4.7 140.5 71 136.1 151z\"><\/path><\/svg>\t\t\t\t<\/span>\n\t\t\t<\/div>\n\t\t\t\n\t\t\t\t\t\t<div class=\"elementor-icon-box-content\">\n\n\t\t\t\t\t\t\t\t\t<h3 class=\"elementor-icon-box-title\">\n\t\t\t\t\t\t<span  >\n\t\t\t\t\t\t\t<strong style=\"color: rgb(0, 0, 0); font-family: marcellus, sans-serif; font-size: 20px; text-align: left; white-space-collapse: collapse;\">VibraNano<\/strong><span style=\"color: rgb(100, 116, 139); font-family: Roboto, sans-serif; font-size: 20px; font-weight: 400; text-align: left; white-space-collapse: collapse;\">&nbsp;<\/span>\t\t\t\t\t\t<\/span>\n\t\t\t\t\t<\/h3>\n\t\t\t\t\n\t\t\t\t\t\t\t\t\t<p class=\"elementor-icon-box-description\">\n\t\t\t\t\t\t<p data-start=\"440\" data-end=\"548\" style=\"color: rgb(0, 0, 0); font-family: marcellus;font-size: 18px;\">Innovative vibration plate with multiple settings provides an invigorating workout, is easy on joints & trains the abdomen, legs & buttocks. Operates independent of equipment red light lamps.<span style=\"color: rgb(122, 122, 122);\"><\/span><\/p>\t\t\t\t\t<\/p>\n\t\t\t\t\n\t\t\t<\/div>\n\t\t\t\n\t\t<\/div>\n\t\t\t\t\t\t<\/div>\n\t\t\t\t<\/div>\n\t\t\t\t\t<\/div>\n\t\t<\/div>\n\t\t\t\t\t<\/div>\n\t\t<\/section>\n\t\t\t\t\t<\/div>\n\t\t<\/div>\n\t\t\t\t\t<\/div>\n\t\t<\/section>\n\t\t<div class=\"elementor-element elementor-element-f2c9187 e-con-full e-flex e-con e-parent\" data-id=\"f2c9187\" data-element_type=\"container\">\n\t\t\t\t<div class=\"elementor-element elementor-element-863996b elementor-widget-divider--view-line elementor-widget elementor-widget-divider\" data-id=\"863996b\" data-element_type=\"widget\" data-widget_type=\"divider.default\">\n\t\t\t\t<div class=\"elementor-widget-container\">\n\t\t\t\t\t\t\t<div class=\"elementor-divider\">\n\t\t\t<span class=\"elementor-divider-separator\">\n\t\t\t\t\t\t<\/span>\n\t\t<\/div>\n\t\t\t\t\t\t<\/div>\n\t\t\t\t<\/div>\n\t\t\t\t<div class=\"elementor-element elementor-element-cbb9559 elementor-widget elementor-widget-heading\" data-id=\"cbb9559\" data-element_type=\"widget\" data-widget_type=\"heading.default\">\n\t\t\t\t<div class=\"elementor-widget-container\">\n\t\t\t\t\t<h3 class=\"elementor-heading-title elementor-size-default\">Torre KBL Hybridsun<\/h3>\t\t\t\t<\/div>\n\t\t\t\t<\/div>\n\t\t\t\t<div class=\"elementor-element elementor-element-647c357 elementor-widget elementor-widget-text-editor\" data-id=\"647c357\" data-element_type=\"widget\" data-widget_type=\"text-editor.default\">\n\t\t\t\t<div class=\"elementor-widget-container\">\n\t\t\t\t\t\t\t\t\t<p><span style=\"font-size: 18px; font-family: Marcellus;\">La tecnolog\u00eda h\u00edbrida de KBL, ha demostrado ser din\u00e1micamente eficaz en el rendimiento y el dise\u00f1o de las innovadoras camas KBL y ha deleitado a clientes de todo el mundo est\u00e1 ahora disponible en el hybridSun Tower.<\/span><\/p><p><span style=\"font-size: 18px; font-family: Marcellus;\">Con veintis\u00e9is tubos UV de alto rendimiento y veintis\u00e9is tubos smartSunlight combinados,esta combinaci\u00f3n h\u00edbrida de 52 l\u00e1mparas ofrece un bonito bronceado y efectos biopositivos,<\/span><\/p><p><span style=\"font-size: 18px; font-family: Marcellus;\">antienvejecimiento gracias a la luz del col\u00e1geno, y una piel impecable gracias al efecto limpiador de la proporci\u00f3n azul de la luz.<\/span><\/p>\t\t\t\t\t\t\t\t<\/div>\n\t\t\t\t<\/div>\n\t\t\t\t<\/div>\n\t\t<div class=\"elementor-element elementor-element-3dd0d99 e-flex e-con-boxed e-con e-parent\" data-id=\"3dd0d99\" data-element_type=\"container\">\n\t\t\t\t\t<div class=\"e-con-inner\">\n\t\t\t\t<div class=\"elementor-element elementor-element-aa4f8ee elementor-widget elementor-widget-text-editor\" data-id=\"aa4f8ee\" data-element_type=\"widget\" data-widget_type=\"text-editor.default\">\n\t\t\t\t<div class=\"elementor-widget-container\">\n\t\t\t\t\t\t\t\t\t<p data-pm-slice=\"0 0 []\"><span style=\"font-size: 26px;\"><strong>\u00a0<span style=\"font-size: 32px; font-family: Marcellus;\">Flujo de aire, refrigeraci\u00f3n y sensorial<\/span><\/strong><\/span><\/p><p><span style=\"font-size: 18px; font-family: Marcellus;\">\u00a0 \u00a0 \u00a0 - Ventilador corporal: la innovadora ventilaci\u00f3n envolvente garantiza una ventilaci\u00f3n refrescante que convierte el bronceado en una experiencia realmente relajante.<\/span><\/p><p><span style=\"font-size: 26px; font-family: Marcellus;\"><strong>\u00a0<span style=\"font-size: 32px;\">Sistema de audio<\/span><\/strong><\/span><\/p><p><span style=\"font-size: 16px; font-family: Marcellus;\">\u00a0 \u00a0<span style=\"font-size: 18px;\"> \u00a0 - Sistema de sonido - El sistema de sonido para una experiencia sonora excelente. Rel\u00e1jate y disfruta de la m\u00fasica.<\/span><\/span><\/p><p><span style=\"font-size: 18px; font-family: Marcellus;\">\u00a0 \u00a0 \u00a0 - MegaVoice - Una agradable voz gu\u00eda de forma r\u00e1pida y sencilla por las funciones operativas del solarium. El bienestar est\u00e1 garantizado hasta el momento de la despedida.<\/span><\/p>\t\t\t\t\t\t\t\t<\/div>\n\t\t\t\t<\/div>\n\t\t\t\t<div class=\"elementor-element elementor-element-1af45ec elementor-widget-divider--view-line elementor-widget elementor-widget-divider\" data-id=\"1af45ec\" data-element_type=\"widget\" data-widget_type=\"divider.default\">\n\t\t\t\t<div class=\"elementor-widget-container\">\n\t\t\t\t\t\t\t<div class=\"elementor-divider\">\n\t\t\t<span class=\"elementor-divider-separator\">\n\t\t\t\t\t\t<\/span>\n\t\t<\/div>\n\t\t\t\t\t\t<\/div>\n\t\t\t\t<\/div>\n\t\t\t\t\t<\/div>\n\t\t\t\t<\/div>\n\t\t\t\t<\/div>","protected":false},"excerpt":{"rendered":"<p>Your Experience, Our Technology SmartSunlight&nbsp; Deliver the perfect mix of UVA, UVB &#038; Redlight spectrums of light to achieve an optimal balance between the desired tanning &#038; skin care results PureSunlight Lamps Deliver the perfect mix of UVA &#038; UVB spectrums of light for pigment production &#038; pigment bronzing VibraNano&nbsp; Innovative vibration plate with multiple [&hellip;]<\/p>","protected":false},"author":1,"featured_media":0,"parent":0,"menu_order":0,"comment_status":"closed","ping_status":"closed","template":"superbaddons-page-template","meta":{"advanced_seo_description":"","jetpack_seo_html_title":"","jetpack_seo_noindex":false,"footnotes":""},"class_list":["post-317","page","type-page","status-publish","hentry"],"jetpack_sharing_enabled":true,"_links":{"self":[{"href":"https:\/\/tanfashion.com\/es\/wp-json\/wp\/v2\/pages\/317","targetHints":{"allow":["GET"]}}],"collection":[{"href":"https:\/\/tanfashion.com\/es\/wp-json\/wp\/v2\/pages"}],"about":[{"href":"https:\/\/tanfashion.com\/es\/wp-json\/wp\/v2\/types\/page"}],"author":[{"embeddable":true,"href":"https:\/\/tanfashion.com\/es\/wp-json\/wp\/v2\/users\/1"}],"replies":[{"embeddable":true,"href":"https:\/\/tanfashion.com\/es\/wp-json\/wp\/v2\/comments?post=317"}],"version-history":[{"count":420,"href":"https:\/\/tanfashion.com\/es\/wp-json\/wp\/v2\/pages\/317\/revisions"}],"predecessor-version":[{"id":2499,"href":"https:\/\/tanfashion.com\/es\/wp-json\/wp\/v2\/pages\/317\/revisions\/2499"}],"wp:attachment":[{"href":"https:\/\/tanfashion.com\/es\/wp-json\/wp\/v2\/media?parent=317"}],"curies":[{"name":"wp","href":"https:\/\/api.w.org\/{rel}","templated":true}]}}