{"id":1588,"date":"2025-06-16T15:23:16","date_gmt":"2025-06-16T15:23:16","guid":{"rendered":"https:\/\/tanfashion.com\/?page_id=1588"},"modified":"2025-06-17T14:35:30","modified_gmt":"2025-06-17T14:35:30","slug":"about-us","status":"publish","type":"page","link":"https:\/\/tanfashion.com\/es\/about-us\/","title":{"rendered":"Sobre nosotros"},"content":{"rendered":"<div data-elementor-type=\"wp-page\" data-elementor-id=\"1588\" class=\"elementor elementor-1588\">\n\t\t\t\t<div class=\"elementor-element elementor-element-51c573b6 e-flex e-con-boxed e-con e-parent\" data-id=\"51c573b6\" data-element_type=\"container\">\n\t\t\t\t\t<div class=\"e-con-inner\">\n\t\t\t\t<div class=\"elementor-element elementor-element-23cbc6ea elementor-widget elementor-widget-text-editor\" data-id=\"23cbc6ea\" data-element_type=\"widget\" data-widget_type=\"text-editor.default\">\n\t\t\t\t<div class=\"elementor-widget-container\"><div class=\"wp-block-group is-style-default has-global-padding is-layout-constrained wp-container-core-group-is-layout-6482cff6 wp-block-group-is-layout-constrained has-background\" style=\"margin-top: 0; margin-bottom: 0; padding: var(--wp--preset--spacing--superbspacing-xxlarge) var(--wp--preset--spacing--superbspacing-xsmall) var(--wp--preset--spacing--superbspacing-xxlarge) var(--wp--preset--spacing--superbspacing-xsmall);background-image:url(&#039;https:\/\/tanfashion.com\/wp-content\/uploads\/2025\/06\/primer-plano-orilla-mar-al-atardecer_1122-1344-2.avif&#039;);background-position:0% 100%;background-size:cover;background-attachment:scroll;\"><p class=\"has-text-align-center has-contrast-light-color has-text-color has-link-color has-superbfont-xxlarge-font-size wp-elements-4efd7bf004fe015faf62b9ce142dab47\"><span style=\"font-size: 48px;\">Sobre nosotros<\/span><\/p><p class=\"has-text-align-center has-contrast-light-color has-text-color has-link-color has-alegreya-font-family has-superbfont-xlarge-font-size wp-elements-1d56e7043d4d4863ff8824546c795300\"><span style=\"font-size: 20px;\">En <strong>Sol la la - Bronceado, bienestar y moda<\/strong>, somos m\u00e1s que un destino: somos un estilo de vida.  Nuestra misi\u00f3n es que te sientas y luzcas lo mejor posible gracias a una piel radiante, un autocuidado consciente y un estilo sin esfuerzo.<\/span><\/p><p class=\"has-contrast-dark-color has-text-color has-link-color has-superbfont-xlarge-font-size wp-elements-22436d1540ba3923efe472f054abc0e3\">\u00a0<\/p><p>\u00a0<\/p><\/div><p>\u00a0<\/p><div class=\"wp-block-group alignfull is-layout-flow wp-block-group-is-layout-flow\"><div class=\"wp-block-group alignfull has-global-padding is-layout-constrained wp-container-core-group-is-layout-7dc229c6 wp-block-group-is-layout-constrained\" style=\"padding: var(--wp--preset--spacing--superbspacing-xxlarge) var(--wp--preset--spacing--superbspacing-small) var(--wp--preset--spacing--superbspacing-xxlarge) var(--wp--preset--spacing--superbspacing-small);\"><div class=\"wp-block-columns alignwide is-layout-flex wp-container-core-columns-is-layout-a001aa69 wp-block-columns-is-layout-flex\" style=\"margin-top: 0; margin-bottom: 0;\"><div class=\"wp-block-column is-vertically-aligned-center is-layout-flow wp-container-core-column-is-layout-db2cb278 wp-block-column-is-layout-flow\"><h3 class=\"wp-block-heading has-text-align-left has-superbfont-xlarge-font-size\"><span style=\"font-size: 48px;\">Qu\u00e9 ofrecemos<\/span><\/h3><p class=\"has-text-align-left\">\u00a0<\/p><p class=\"has-text-align-left has-secondary-color has-text-color\" style=\"font-size:clamp(17.905px, 1.119rem + ((1vw - 3.2px) * 1.147), 28px);\"><span style=\"font-size: 20px;\"><strong>Servicios de bronceado personalizados<\/strong>: Tanto si prefiere el bronceado en spray sin sol como la fototerapia avanzada, adaptamos cada sesi\u00f3n a su tipo y tono de piel para que luzca radiante y besada por el sol.<\/span><\/p>\n<span style=\"font-size: 20px;\"><\/span>\n<p style=\"font-size:clamp(17.905px, 1.119rem + ((1vw - 3.2px) * 1.147), 28px);\"><span style=\"font-size: 20px;\"><strong>Rituales de bienestar<\/strong>: Disfrute de tratamientos hol\u00edsticos que le devolver\u00e1n la energ\u00eda y la calma interior: aromaterapia, masajes de tejidos profundos y envolturas corporales rejuvenecedoras dise\u00f1adas para relajar y restablecer.<\/span><\/p>\n<span style=\"font-size: 20px;\"><\/span>\n<p class=\"has-text-align-left has-secondary-color has-text-color\" style=\"font-size:clamp(17.905px, 1.119rem + ((1vw - 3.2px) * 1.147), 28px);\"><span style=\"font-size: 20px;\"><strong>Moda que te refleja<\/strong>: Nuestras colecciones de moda est\u00e1n pensadas para que te expreses y eleves tu estilo cotidiano. Cada prenda est\u00e1 dise\u00f1ada pensando en la comodidad, la confianza y la elegancia moderna.<\/span><\/p><\/div><div class=\"wp-block-column is-vertically-aligned-center is-layout-flow wp-container-core-column-is-layout-40a2a7e8 wp-block-column-is-layout-flow\" style=\"padding-right: 0; padding-bottom: 0; padding-left: 0;\"><figure class=\"wp-block-image size-large has-custom-border\"><img fetchpriority=\"high\" decoding=\"async\" width=\"683\" height=\"1024\" class=\"wp-image-1497\" style=\"border-radius: 20px;\" src=\"https:\/\/tanfashion.com\/wp-content\/uploads\/2025\/06\/hermosa-mujer-caucasica-bronceada-forma-bronceada-piel-brillante-bikini-aceite-coco_343596-2213-683x1024.jpg\" alt=\"\" srcset=\"https:\/\/tanfashion.com\/wp-content\/uploads\/2025\/06\/hermosa-mujer-caucasica-bronceada-forma-bronceada-piel-brillante-bikini-aceite-coco_343596-2213-683x1024.jpg 683w, https:\/\/tanfashion.com\/wp-content\/uploads\/2025\/06\/hermosa-mujer-caucasica-bronceada-forma-bronceada-piel-brillante-bikini-aceite-coco_343596-2213-200x300.jpg 200w, https:\/\/tanfashion.com\/wp-content\/uploads\/2025\/06\/hermosa-mujer-caucasica-bronceada-forma-bronceada-piel-brillante-bikini-aceite-coco_343596-2213-8x12.jpg 8w, https:\/\/tanfashion.com\/wp-content\/uploads\/2025\/06\/hermosa-mujer-caucasica-bronceada-forma-bronceada-piel-brillante-bikini-aceite-coco_343596-2213-600x900.jpg 600w, https:\/\/tanfashion.com\/wp-content\/uploads\/2025\/06\/hermosa-mujer-caucasica-bronceada-forma-bronceada-piel-brillante-bikini-aceite-coco_343596-2213.avif 740w\" sizes=\"(max-width: 683px) 100vw, 683px\" \/><\/figure><\/div><\/div><\/div><\/div><p>\u00a0<\/p><\/div>\n\t\t\t\t<\/div>\n\t\t\t\t<div class=\"elementor-element elementor-element-fb9f526 elementor-widget elementor-widget-text-editor\" data-id=\"fb9f526\" data-element_type=\"widget\" data-widget_type=\"text-editor.default\">\n\t\t\t\t<div class=\"elementor-widget-container\">\n\t\t\t\t\t\t\t\t\t<h2 data-start=\"88\" data-end=\"112\"><strong><span style=\"font-size: 48px;\">\u00a0 \u00a0\u00bfPor qu\u00e9 elegir Sol la la?<\/span><\/strong><\/h2>\n<p data-start=\"114\" data-end=\"318\"><span style=\"font-size: 30px;\">\u00a0 \u00a0 \u00a0<span style=\"font-size: 20px;\"> \u00a0 \u00a0 Porque te mereces algo m\u00e1s que una visita r\u00e1pida: te mereces un santuario. En Sol la la, vamos m\u00e1s all\u00e1 de los servicios est\u00e1ndar para ofrecer una experiencia inmersiva y personalizada que nutre su cuerpo, mente y esp\u00edritu:\u00bfPor qu\u00e9 elegir Sol la la?<\/span><\/span><\/p>\n<p>\u00a0<\/p>\n<ul data-start=\"320\" data-end=\"1716\">\n<li data-start=\"320\" data-end=\"603\">\n<p data-start=\"322\" data-end=\"603\"><span style=\"font-size: 20px;\"><strong data-start=\"322\" data-end=\"349\">Experiencia en la que puede confiar<\/strong><\/span><br data-start=\"349\" data-end=\"352\" \/><span style=\"font-size: 20px;\">Nuestro equipo de especialistas certificados en bronceado y terapeutas de bienestar aporta a\u00f1os de experiencia y formaci\u00f3n continua a cada tratamiento. Nos mantenemos a la vanguardia de las normas de seguridad del sector y de las \u00faltimas t\u00e9cnicas para que consigas un resplandor magn\u00edfico sin concesiones.<\/span><\/p>\n<\/li>\n<li data-start=\"605\" data-end=\"914\">\n<p data-start=\"607\" data-end=\"914\"><span style=\"font-size: 20px;\"><strong data-start=\"607\" data-end=\"644\">Atenci\u00f3n personalizada y orientada a los resultados<\/strong><\/span><br data-start=\"644\" data-end=\"647\" \/><span style=\"font-size: 20px;\">Desde su primera consulta, dise\u00f1amos cada sesi\u00f3n en funci\u00f3n de su tipo de piel, estilo de vida y objetivos de belleza. Tanto si se trata de ajustar la intensidad del spray para conseguir el tono perfecto como de personalizar las mezclas de aromaterapia para aliviar el estr\u00e9s, su comodidad y sus resultados son nuestra m\u00e1xima prioridad.<\/span><\/p>\n<\/li>\n<li data-start=\"916\" data-end=\"1202\">\n<p data-start=\"918\" data-end=\"1202\"><span style=\"font-size: 20px;\"><strong data-start=\"918\" data-end=\"951\">Productos de primera calidad que cuidan la piel<\/strong><\/span><br data-start=\"951\" data-end=\"954\" \/><span style=\"font-size: 20px;\">Colaboramos con marcas l\u00edderes en ingredientes limpios para garantizar que cada loci\u00f3n, aceite y s\u00e9rum que utilizamos enriquece la salud de tu piel. Sin productos qu\u00edmicos agresivos, solo ingredientes bot\u00e1nicos nutritivos, vitaminas y antioxidantes que amplifican tu luminosidad mucho despu\u00e9s de que te vayas.Productos de primera calidad que cuidan tu piel<\/span><\/p>\n<\/li>\n<li data-start=\"1204\" data-end=\"1479\">\n<p data-start=\"1206\" data-end=\"1479\"><span style=\"font-size: 20px;\"><strong data-start=\"1206\" data-end=\"1239\">Entorno de bienestar hol\u00edstico<\/strong><\/span><br data-start=\"1239\" data-end=\"1242\" \/><span style=\"font-size: 20px;\">Entre en nuestro espacio cuidadosamente dise\u00f1ado, donde la m\u00fasica relajante, la iluminaci\u00f3n suave y la decoraci\u00f3n limpia y relajante marcan la pauta para una verdadera relajaci\u00f3n. Todos los detalles, desde las batas de felpa hasta las estaciones de hidrataci\u00f3n filtrada, est\u00e1n ah\u00ed para contribuir a su bienestar.Entorno de bienestar hol\u00edstico<\/span><\/p>\n<\/li>\n<li data-start=\"1481\" data-end=\"1716\">\n<p data-start=\"1483\" data-end=\"1716\"><span style=\"font-size: 20px;\"><strong data-start=\"1483\" data-end=\"1517\">Estilo que inspira confianza<\/strong><\/span><br data-start=\"1517\" data-end=\"1520\" \/><span style=\"font-size: 20px;\">Nuestra exclusiva colecci\u00f3n de ropa ha sido cuidadosamente seleccionada para complementar tu bronceado. Tejidos ligeros, cortes favorecedores y materiales sostenibles hacen que no solo te veas bien, sino que tambi\u00e9n te sientas bien.Estilo que inspira confianza<\/span><\/p>\n<\/li>\n<\/ul>\t\t\t\t\t\t\t\t<\/div>\n\t\t\t\t<\/div>\n\t\t\t\t\t<\/div>\n\t\t\t\t<\/div>\n\t\t<div class=\"elementor-element elementor-element-918c985 e-flex e-con-boxed e-con e-parent\" data-id=\"918c985\" data-element_type=\"container\">\n\t\t\t\t\t<div class=\"e-con-inner\">\n\t\t<div class=\"elementor-element elementor-element-1b6a21b e-con-full e-flex e-con e-child\" data-id=\"1b6a21b\" data-element_type=\"container\" data-settings=\"{&quot;background_background&quot;:&quot;classic&quot;}\">\n\t\t\t\t<div class=\"elementor-element elementor-element-c060081 elementor-widget elementor-widget-text-editor\" data-id=\"c060081\" data-element_type=\"widget\" data-widget_type=\"text-editor.default\">\n\t\t\t\t<div class=\"elementor-widget-container\">\n\t\t\t\t\t\t\t\t\t<h2 data-start=\"1223\" data-end=\"1243\"><span style=\"font-size: 48px;\">\u00a0 \u00a0 \u00a0 \u00a0 \u00a0 \u00a0 \u00a0 \u00a0 \u00a0 \u00a0 \u00a0 \u00a0 \u00a0 \u00a0 \u00a0 \u00a0 \u00a0 \u00a0 \u00a0 \u00a0 \u00a0Nuestra filosof\u00eda<\/span><\/h2>\n<h3 data-start=\"1223\" data-end=\"1243\"><span style=\"font-size: 20px;\">\u00a0 \u00a0 \u00a0 Creemos que la verdadera belleza brilla cuando te sientes equilibrada, segura e inspirada. Por eso combinamos un cuidado experto, productos de primera calidad y una experiencia personalizada en todo lo que hacemos.<\/span><\/h3>\t\t\t\t\t\t\t\t<\/div>\n\t\t\t\t<\/div>\n\t\t\t\t<\/div>\n\t\t\t\t\t<\/div>\n\t\t\t\t<\/div>\t\t<\/div>","protected":false},"excerpt":{"rendered":"<p>About Us At Sol la la \u2013 Tanning, Wellness &amp; Fashion, we are more than a destination \u2014 we are a lifestyle. Our mission is to empower you to look and feel your best through glowing skin, mindful self-care, and effortless style. \u00a0 \u00a0 \u00a0 What We Offer \u00a0 Customized Tanning Services: Whether you prefer [&hellip;]<\/p>","protected":false},"author":1,"featured_media":0,"parent":0,"menu_order":0,"comment_status":"closed","ping_status":"closed","template":"superbaddons-page-template","meta":{"advanced_seo_description":"","jetpack_seo_html_title":"","jetpack_seo_noindex":false,"footnotes":""},"class_list":["post-1588","page","type-page","status-publish","hentry"],"jetpack_sharing_enabled":true,"_links":{"self":[{"href":"https:\/\/tanfashion.com\/es\/wp-json\/wp\/v2\/pages\/1588","targetHints":{"allow":["GET"]}}],"collection":[{"href":"https:\/\/tanfashion.com\/es\/wp-json\/wp\/v2\/pages"}],"about":[{"href":"https:\/\/tanfashion.com\/es\/wp-json\/wp\/v2\/types\/page"}],"author":[{"embeddable":true,"href":"https:\/\/tanfashion.com\/es\/wp-json\/wp\/v2\/users\/1"}],"replies":[{"embeddable":true,"href":"https:\/\/tanfashion.com\/es\/wp-json\/wp\/v2\/comments?post=1588"}],"version-history":[{"count":84,"href":"https:\/\/tanfashion.com\/es\/wp-json\/wp\/v2\/pages\/1588\/revisions"}],"predecessor-version":[{"id":1779,"href":"https:\/\/tanfashion.com\/es\/wp-json\/wp\/v2\/pages\/1588\/revisions\/1779"}],"wp:attachment":[{"href":"https:\/\/tanfashion.com\/es\/wp-json\/wp\/v2\/media?parent=1588"}],"curies":[{"name":"wp","href":"https:\/\/api.w.org\/{rel}","templated":true}]}}